{"id":514,"date":"2021-06-24T08:07:44","date_gmt":"2021-06-24T08:07:44","guid":{"rendered":"https:\/\/abc-creative.de\/?page_id=514"},"modified":"2024-06-12T05:38:43","modified_gmt":"2024-06-12T05:38:43","slug":"about","status":"publish","type":"page","link":"https:\/\/abc-creative.de\/?page_id=514","title":{"rendered":"Ein paar Worte \u00fcber mich&#8230;"},"content":{"rendered":"\n<div class=\"wp-block-columns is-layout-flex wp-container-core-columns-is-layout-9d6595d7 wp-block-columns-is-layout-flex\">\n<div class=\"wp-block-column is-layout-flow wp-block-column-is-layout-flow\" style=\"flex-basis:66.66%\">\n<p style=\"font-size:14px\">Mein Name ist Anke Barbara Calzada, Gr\u00fcnderin von&nbsp;<em><a href=\"https:\/\/abc-creative.de\/\">abc creative<\/a><\/em>. Ich bin geb\u00fcrtige M\u00fcnchnerin, doch im Herzen eine echte Weltb\u00fcrgerin, denn mein Studium f\u00fchrte mich nach Japan, mein Beruf in die USA und meine gro\u00dfe Liebe nach S\u00fcdamerika.<\/p>\n\n\n\n<p style=\"font-size:14px\">Seit gut 30 Jahren besch\u00e4ftige ich mich hobbym\u00e4\u00dfig und seit fast 15 Jahren auch beruflich mit verschiedenen textilen Kunstformen. Meine besondere Leidenschaft gilt dabei dem Patchwork &amp; Quilten.<\/p>\n\n\n\n<p style=\"font-size:14px\">Als freie Redakteurin f\u00fcr ein Textilkunstmagazin habe ich in den letzten Jahren so einige namhafte Textilk\u00fcnstler*innen aus aller Welt portr\u00e4tiert und f\u00fcr ein internationales Online-Portal \u00fcber zehn Jahre lang verschiedene multikulturelle Gemeinschaftsquiltprojekte, Wettbewerbe und Quiltausstellungen im In- und Ausland mitorganisiert. Zudem bin ich Co-Autorin zweier \u201ePatchwork Puzzle\u201c B\u00fccher, habe dar\u00fcber hinaus ein gutes Dutzend weitere Patchworkb\u00fccher und Ausstellungskataloge als Redakteurin und Layouterin betreut, und an der Entwicklung einer Serie von Online-Gestaltungskursen f\u00fcr Quilter*innen und Textilschaffende mitgewirkt.<\/p>\n<\/div>\n\n\n\n<div class=\"wp-block-column is-layout-flow wp-block-column-is-layout-flow\" style=\"flex-basis:33.33%\"><div class=\"wp-block-image is-style-rounded\">\n<figure class=\"aligncenter size-large is-resized\"><img loading=\"lazy\" decoding=\"async\" width=\"751\" height=\"1024\" src=\"https:\/\/abc-creative.de\/wp-content\/uploads\/2021\/06\/AnkeBCalzada-751x1024.jpg\" alt=\"\" class=\"wp-image-515\" style=\"width:207px;height:282px\" srcset=\"https:\/\/abc-creative.de\/wp-content\/uploads\/2021\/06\/AnkeBCalzada-751x1024.jpg 751w, https:\/\/abc-creative.de\/wp-content\/uploads\/2021\/06\/AnkeBCalzada-220x300.jpg 220w, https:\/\/abc-creative.de\/wp-content\/uploads\/2021\/06\/AnkeBCalzada-768x1047.jpg 768w, https:\/\/abc-creative.de\/wp-content\/uploads\/2021\/06\/AnkeBCalzada-1126x1536.jpg 1126w, https:\/\/abc-creative.de\/wp-content\/uploads\/2021\/06\/AnkeBCalzada-1502x2048.jpg 1502w, https:\/\/abc-creative.de\/wp-content\/uploads\/2021\/06\/AnkeBCalzada-scaled.jpg 1877w\" sizes=\"auto, (max-width: 751px) 100vw, 751px\" \/><figcaption class=\"wp-element-caption\">Anke Barbara Calzada<\/figcaption><\/figure>\n<\/div><\/div>\n<\/div>\n\n\n\n<p style=\"font-size:14px\">Seit mehr als zwei Jahrzehnten entwerfe ich als begeisterte Quilt Designerin ausschlie\u00dflich Muster und Layouts f\u00fcr moderne Gebrauchsquilts und andere zeitlos sch\u00f6ne Wohnaccessoires f\u00fcr ein behagliches Zuhause. Zahlreiche meiner Arbeiten waren schon in Gruppenausstellungen auf Quiltfestivals im In- und Ausland zu sehen, u.a. auf der\u00a0<a href=\"https:\/\/www.nadel-welt.de\/\">NADELWELT in Karlsruhe<\/a>, auf dem\u00a0<a href=\"https:\/\/www.thefestivalofquilts.co.uk\/\">Festival of Quilt in Birmingham, England<\/a>, und dem\u00a0<a href=\"https:\/\/www.visitsitges.com\/patchwork-sitges-2021\/\">Festival Internacional de Patchwork in Sitges, Barcelona.\u00a0<\/a>Anfang 2022 wurde einer meiner Quilts in die st\u00e4ndige Sammlung des<a href=\"https:\/\/www.internationalquiltmuseum.org\/\">\u00a0International Quilt Museum \u2013 Lincoln, NE<\/a>, USA, aufgenommen.<\/p>\n\n\n\n<p style=\"font-size:14px\">Zu ausgesuchten Modellen schreibe ich detaillierte Schritt-f\u00fcr-Schritt-Anleitungen in Kooperation mit internationalen Publikumsmagazinen f\u00fcr Patchwork &amp; Quilten und vertreibe diese \u2013 ebenso wie meine handgefertigten textilen Unikate \u2013 nun auch unter meinem Anfang 2021 gegr\u00fcndeten eigenen Design Label\u00a0<a href=\"https:\/\/pasacana.com\/\" target=\"_blank\" rel=\"noreferrer noopener\">PASACANA<\/a>.<\/p>\n\n\n\n<p><\/p>\n","protected":false},"excerpt":{"rendered":"<p>Mein Name ist Anke Barbara Calzada, Gr\u00fcnderin von&nbsp;abc creative. Ich bin geb\u00fcrtige M\u00fcnchnerin, doch im Herzen eine echte Weltb\u00fcrgerin, denn mein Studium f\u00fchrte mich nach Japan, mein Beruf in die USA und meine gro\u00dfe Liebe &hellip;<\/p>\n","protected":false},"author":1,"featured_media":0,"parent":0,"menu_order":0,"comment_status":"closed","ping_status":"closed","template":"","meta":{"footnotes":""},"class_list":["post-514","page","type-page","status-publish","hentry"],"_links":{"self":[{"href":"https:\/\/abc-creative.de\/index.php?rest_route=\/wp\/v2\/pages\/514","targetHints":{"allow":["GET"]}}],"collection":[{"href":"https:\/\/abc-creative.de\/index.php?rest_route=\/wp\/v2\/pages"}],"about":[{"href":"https:\/\/abc-creative.de\/index.php?rest_route=\/wp\/v2\/types\/page"}],"author":[{"embeddable":true,"href":"https:\/\/abc-creative.de\/index.php?rest_route=\/wp\/v2\/users\/1"}],"replies":[{"embeddable":true,"href":"https:\/\/abc-creative.de\/index.php?rest_route=%2Fwp%2Fv2%2Fcomments&post=514"}],"version-history":[{"count":9,"href":"https:\/\/abc-creative.de\/index.php?rest_route=\/wp\/v2\/pages\/514\/revisions"}],"predecessor-version":[{"id":713,"href":"https:\/\/abc-creative.de\/index.php?rest_route=\/wp\/v2\/pages\/514\/revisions\/713"}],"wp:attachment":[{"href":"https:\/\/abc-creative.de\/index.php?rest_route=%2Fwp%2Fv2%2Fmedia&parent=514"}],"curies":[{"name":"wp","href":"https:\/\/api.w.org\/{rel}","templated":true}]}}