{"id":422,"date":"2021-04-07T07:04:37","date_gmt":"2021-04-07T07:04:37","guid":{"rendered":"https:\/\/abc-creative.de\/?page_id=422"},"modified":"2025-12-11T15:23:40","modified_gmt":"2025-12-11T15:23:40","slug":"pasacana","status":"publish","type":"page","link":"https:\/\/abc-creative.de\/?page_id=422","title":{"rendered":""},"content":{"rendered":"\n<figure class=\"wp-block-image size-large\"><a href=\"https:\/\/pasacana.com\/\"><img loading=\"lazy\" decoding=\"async\" width=\"1024\" height=\"307\" src=\"https:\/\/abc-creative.de\/wp-content\/uploads\/2021\/04\/Pasacana-Header_klein_Steine4-1024x307.jpg\" alt=\"\" class=\"wp-image-423\" srcset=\"https:\/\/abc-creative.de\/wp-content\/uploads\/2021\/04\/Pasacana-Header_klein_Steine4-1024x307.jpg 1024w, https:\/\/abc-creative.de\/wp-content\/uploads\/2021\/04\/Pasacana-Header_klein_Steine4-300x90.jpg 300w, https:\/\/abc-creative.de\/wp-content\/uploads\/2021\/04\/Pasacana-Header_klein_Steine4-768x231.jpg 768w, https:\/\/abc-creative.de\/wp-content\/uploads\/2021\/04\/Pasacana-Header_klein_Steine4-1536x461.jpg 1536w, https:\/\/abc-creative.de\/wp-content\/uploads\/2021\/04\/Pasacana-Header_klein_Steine4-2048x615.jpg 2048w\" sizes=\"auto, (max-width: 1024px) 100vw, 1024px\" \/><\/a><\/figure>\n\n\n\n<div class=\"wp-block-columns is-layout-flex wp-container-core-columns-is-layout-9d6595d7 wp-block-columns-is-layout-flex\">\n<div class=\"wp-block-column is-layout-flow wp-block-column-is-layout-flow\">\n<p style=\"font-size:14px\"><a href=\"http:\/\/www.pasacana.com\" data-type=\"URL\" data-id=\"www.pasacana.com\" target=\"_blank\" rel=\"noreferrer noopener\">PASACANA<\/a>, das textile Label von abc creative, verbindet traditionelle Textilkunst und modernes Design. Elemente aus der Natur, Aspekte moderner Architektur und klassische Motive verschiedener Kulturen dieser Welt sind reiche Inspirationsquellen f\u00fcr abstrakte grafische Muster und Improvisationen mit unverkennbarer Handschrift.<\/p>\n<\/div>\n\n\n\n<div class=\"wp-block-column is-layout-flow wp-block-column-is-layout-flow\">\n<p style=\"font-size:14px\"> Aus hochwertigen textilen Materialien entstehen in aufw\u00e4ndiger Handarbeit mit verschiedenen Patchwork- und Quilttechniken und viel Liebe zum Detail zeitlos sch\u00f6ne und nachhaltige textile Accessoires f\u00fcr ein behagliches Wohnambiente.<\/p>\n<\/div>\n<\/div>\n\n\n\n<div class=\"wp-block-columns is-layout-flex wp-container-core-columns-is-layout-9d6595d7 wp-block-columns-is-layout-flex\">\n<div class=\"wp-block-column is-layout-flow wp-block-column-is-layout-flow\">\n<figure class=\"wp-block-image size-large\"><img loading=\"lazy\" decoding=\"async\" width=\"1024\" height=\"1024\" src=\"https:\/\/abc-creative.de\/wp-content\/uploads\/2021\/06\/PASACANA-AguayoBild_Q-1024x1024.jpg\" alt=\"\" class=\"wp-image-497\" srcset=\"https:\/\/abc-creative.de\/wp-content\/uploads\/2021\/06\/PASACANA-AguayoBild_Q-1024x1024.jpg 1024w, https:\/\/abc-creative.de\/wp-content\/uploads\/2021\/06\/PASACANA-AguayoBild_Q-300x300.jpg 300w, https:\/\/abc-creative.de\/wp-content\/uploads\/2021\/06\/PASACANA-AguayoBild_Q-150x150.jpg 150w, https:\/\/abc-creative.de\/wp-content\/uploads\/2021\/06\/PASACANA-AguayoBild_Q-768x768.jpg 768w, https:\/\/abc-creative.de\/wp-content\/uploads\/2021\/06\/PASACANA-AguayoBild_Q-1536x1536.jpg 1536w, https:\/\/abc-creative.de\/wp-content\/uploads\/2021\/06\/PASACANA-AguayoBild_Q-2048x2048.jpg 2048w\" sizes=\"auto, (max-width: 1024px) 100vw, 1024px\" \/><\/figure>\n<\/div>\n\n\n\n<div class=\"wp-block-column is-layout-flow wp-block-column-is-layout-flow\">\n<figure class=\"wp-block-image size-large\"><img loading=\"lazy\" decoding=\"async\" width=\"1024\" height=\"1024\" src=\"https:\/\/abc-creative.de\/wp-content\/uploads\/2021\/06\/PASACANA-Driftwood_Q-1024x1024.jpg\" alt=\"\" class=\"wp-image-498\" srcset=\"https:\/\/abc-creative.de\/wp-content\/uploads\/2021\/06\/PASACANA-Driftwood_Q-1024x1024.jpg 1024w, https:\/\/abc-creative.de\/wp-content\/uploads\/2021\/06\/PASACANA-Driftwood_Q-300x300.jpg 300w, https:\/\/abc-creative.de\/wp-content\/uploads\/2021\/06\/PASACANA-Driftwood_Q-150x150.jpg 150w, https:\/\/abc-creative.de\/wp-content\/uploads\/2021\/06\/PASACANA-Driftwood_Q-768x768.jpg 768w, https:\/\/abc-creative.de\/wp-content\/uploads\/2021\/06\/PASACANA-Driftwood_Q-1536x1536.jpg 1536w, https:\/\/abc-creative.de\/wp-content\/uploads\/2021\/06\/PASACANA-Driftwood_Q-2048x2048.jpg 2048w\" sizes=\"auto, (max-width: 1024px) 100vw, 1024px\" \/><\/figure>\n<\/div>\n\n\n\n<div class=\"wp-block-column is-layout-flow wp-block-column-is-layout-flow\">\n<figure class=\"wp-block-image size-large\"><img loading=\"lazy\" decoding=\"async\" width=\"1024\" height=\"1024\" src=\"https:\/\/abc-creative.de\/wp-content\/uploads\/2021\/06\/PASACANA-Harvest_Q-1024x1024.jpg\" alt=\"\" class=\"wp-image-499\" srcset=\"https:\/\/abc-creative.de\/wp-content\/uploads\/2021\/06\/PASACANA-Harvest_Q-1024x1024.jpg 1024w, https:\/\/abc-creative.de\/wp-content\/uploads\/2021\/06\/PASACANA-Harvest_Q-300x300.jpg 300w, https:\/\/abc-creative.de\/wp-content\/uploads\/2021\/06\/PASACANA-Harvest_Q-150x150.jpg 150w, https:\/\/abc-creative.de\/wp-content\/uploads\/2021\/06\/PASACANA-Harvest_Q-768x768.jpg 768w, https:\/\/abc-creative.de\/wp-content\/uploads\/2021\/06\/PASACANA-Harvest_Q-1536x1536.jpg 1536w, https:\/\/abc-creative.de\/wp-content\/uploads\/2021\/06\/PASACANA-Harvest_Q-2048x2048.jpg 2048w\" sizes=\"auto, (max-width: 1024px) 100vw, 1024px\" \/><\/figure>\n<\/div>\n<\/div>\n\n\n\n<div class=\"wp-block-columns is-layout-flex wp-container-core-columns-is-layout-9d6595d7 wp-block-columns-is-layout-flex\">\n<div class=\"wp-block-column is-layout-flow wp-block-column-is-layout-flow\">\n<p style=\"font-size:14px\">Alle Informationen zu meinen modernen textilen Designs im PASACANA Stil finden Sie direkt auf <a href=\"http:\/\/www.pasacana.com\">www.pasacana.com<\/a>.<\/p>\n\n\n\n<p style=\"font-size:14px\">Auf Instagram gebe ich Einblicke in meine t\u00e4gliche Arbeit und meine neuesten Designentw\u00fcrfe. Folgen Sie mir doch und blicken Sie hinter die Kulissen: <a href=\"https:\/\/www.instagram.com\/pasacana_designs\/\">@pasacana_designs.<\/a><\/p>\n<\/div>\n\n\n\n<div class=\"wp-block-column is-layout-flow wp-block-column-is-layout-flow\">\n<p style=\"font-size:14px\">Meine textilen PASACANA Unikate f\u00fcr Ihr gem\u00fctliches Zuhause finden Sie in meinem <a href=\"https:\/\/www.etsy.com\/de\/shop\/Pasacanahttps:\/\/pasacanaoriginals.etsy.com\">PASACANA Originals Shop<\/a>. DIY-Quiltanleitungen f\u00fcr ausgew\u00e4hlte Designs zum Nacharbeiten gibt&#8217;s in meinem Pattern Shop: <a href=\"https:\/\/pasacana.etsy.com\">PASACANA Shop<\/a>. <\/p>\n\n\n\n<p style=\"font-size:14px\">F\u00fcr alle, die Patchwork und Quilten lernen wollen, biete ich in meinem PASACANA Design Studio auch Kurse in Kleingruppen f\u00fcr Anf\u00e4ngerInnen und Fortgeschrittene an: <a href=\"https:\/\/pasacana.com\/kurse\/\" data-type=\"link\" data-id=\"https:\/\/pasacana.com\/kurse\/\">Kursprogramm<\/a>.<\/p>\n<\/div>\n<\/div>\n\n\n\n<div class=\"wp-block-columns is-layout-flex wp-container-core-columns-is-layout-9d6595d7 wp-block-columns-is-layout-flex\">\n<div class=\"wp-block-column is-layout-flow wp-block-column-is-layout-flow\">\n<figure class=\"wp-block-image size-large\"><img loading=\"lazy\" decoding=\"async\" width=\"1024\" height=\"1024\" src=\"https:\/\/abc-creative.de\/wp-content\/uploads\/2021\/06\/PASACANA-HarvestClose_Q-1024x1024.jpg\" alt=\"\" class=\"wp-image-501\" srcset=\"https:\/\/abc-creative.de\/wp-content\/uploads\/2021\/06\/PASACANA-HarvestClose_Q-1024x1024.jpg 1024w, https:\/\/abc-creative.de\/wp-content\/uploads\/2021\/06\/PASACANA-HarvestClose_Q-300x300.jpg 300w, https:\/\/abc-creative.de\/wp-content\/uploads\/2021\/06\/PASACANA-HarvestClose_Q-150x150.jpg 150w, https:\/\/abc-creative.de\/wp-content\/uploads\/2021\/06\/PASACANA-HarvestClose_Q-768x768.jpg 768w, https:\/\/abc-creative.de\/wp-content\/uploads\/2021\/06\/PASACANA-HarvestClose_Q-1536x1536.jpg 1536w, https:\/\/abc-creative.de\/wp-content\/uploads\/2021\/06\/PASACANA-HarvestClose_Q-2048x2048.jpg 2048w\" sizes=\"auto, (max-width: 1024px) 100vw, 1024px\" \/><\/figure>\n<\/div>\n\n\n\n<div class=\"wp-block-column is-layout-flow wp-block-column-is-layout-flow\">\n<figure class=\"wp-block-image size-large\"><img loading=\"lazy\" decoding=\"async\" width=\"1024\" height=\"1024\" src=\"https:\/\/abc-creative.de\/wp-content\/uploads\/2021\/06\/PASACANA-Mapuche_Q-1024x1024.jpg\" alt=\"\" class=\"wp-image-502\" srcset=\"https:\/\/abc-creative.de\/wp-content\/uploads\/2021\/06\/PASACANA-Mapuche_Q-1024x1024.jpg 1024w, https:\/\/abc-creative.de\/wp-content\/uploads\/2021\/06\/PASACANA-Mapuche_Q-300x300.jpg 300w, https:\/\/abc-creative.de\/wp-content\/uploads\/2021\/06\/PASACANA-Mapuche_Q-150x150.jpg 150w, https:\/\/abc-creative.de\/wp-content\/uploads\/2021\/06\/PASACANA-Mapuche_Q-768x768.jpg 768w, https:\/\/abc-creative.de\/wp-content\/uploads\/2021\/06\/PASACANA-Mapuche_Q-1536x1536.jpg 1536w, https:\/\/abc-creative.de\/wp-content\/uploads\/2021\/06\/PASACANA-Mapuche_Q-2048x2048.jpg 2048w\" sizes=\"auto, (max-width: 1024px) 100vw, 1024px\" \/><\/figure>\n<\/div>\n\n\n\n<div class=\"wp-block-column is-layout-flow wp-block-column-is-layout-flow\">\n<figure class=\"wp-block-image size-large\"><img loading=\"lazy\" decoding=\"async\" width=\"1024\" height=\"1024\" src=\"https:\/\/abc-creative.de\/wp-content\/uploads\/2021\/06\/PASACANA-TerrunoClose_Q-1024x1024.jpg\" alt=\"\" class=\"wp-image-503\" srcset=\"https:\/\/abc-creative.de\/wp-content\/uploads\/2021\/06\/PASACANA-TerrunoClose_Q-1024x1024.jpg 1024w, https:\/\/abc-creative.de\/wp-content\/uploads\/2021\/06\/PASACANA-TerrunoClose_Q-300x300.jpg 300w, https:\/\/abc-creative.de\/wp-content\/uploads\/2021\/06\/PASACANA-TerrunoClose_Q-150x150.jpg 150w, https:\/\/abc-creative.de\/wp-content\/uploads\/2021\/06\/PASACANA-TerrunoClose_Q-768x768.jpg 768w, https:\/\/abc-creative.de\/wp-content\/uploads\/2021\/06\/PASACANA-TerrunoClose_Q-1536x1536.jpg 1536w, https:\/\/abc-creative.de\/wp-content\/uploads\/2021\/06\/PASACANA-TerrunoClose_Q-2048x2048.jpg 2048w\" sizes=\"auto, (max-width: 1024px) 100vw, 1024px\" \/><\/figure>\n<\/div>\n<\/div>\n","protected":false},"excerpt":{"rendered":"<p>PASACANA, das textile Label von abc creative, verbindet traditionelle Textilkunst und modernes Design. Elemente aus der Natur, Aspekte moderner Architektur und klassische Motive verschiedener Kulturen dieser Welt sind reiche Inspirationsquellen f\u00fcr abstrakte grafische Muster und &hellip;<\/p>\n","protected":false},"author":1,"featured_media":0,"parent":0,"menu_order":0,"comment_status":"closed","ping_status":"closed","template":"","meta":{"footnotes":""},"class_list":["post-422","page","type-page","status-publish","hentry"],"_links":{"self":[{"href":"https:\/\/abc-creative.de\/index.php?rest_route=\/wp\/v2\/pages\/422","targetHints":{"allow":["GET"]}}],"collection":[{"href":"https:\/\/abc-creative.de\/index.php?rest_route=\/wp\/v2\/pages"}],"about":[{"href":"https:\/\/abc-creative.de\/index.php?rest_route=\/wp\/v2\/types\/page"}],"author":[{"embeddable":true,"href":"https:\/\/abc-creative.de\/index.php?rest_route=\/wp\/v2\/users\/1"}],"replies":[{"embeddable":true,"href":"https:\/\/abc-creative.de\/index.php?rest_route=%2Fwp%2Fv2%2Fcomments&post=422"}],"version-history":[{"count":22,"href":"https:\/\/abc-creative.de\/index.php?rest_route=\/wp\/v2\/pages\/422\/revisions"}],"predecessor-version":[{"id":717,"href":"https:\/\/abc-creative.de\/index.php?rest_route=\/wp\/v2\/pages\/422\/revisions\/717"}],"wp:attachment":[{"href":"https:\/\/abc-creative.de\/index.php?rest_route=%2Fwp%2Fv2%2Fmedia&parent=422"}],"curies":[{"name":"wp","href":"https:\/\/api.w.org\/{rel}","templated":true}]}}